{"id":2462,"date":"2025-09-19T09:02:18","date_gmt":"2025-09-19T07:02:18","guid":{"rendered":"https:\/\/idk-webshop-dev.agcomputing.net:446\/?post_type=product&#038;p=2462"},"modified":"2026-01-28T17:56:47","modified_gmt":"2026-01-28T16:56:47","slug":"registrierung-health-care-partner","status":"publish","type":"product","link":"https:\/\/idk-webshop-dev.agcomputing.net\/en\/shop\/registrierung-health-care-partner\/","title":{"rendered":"Registrierung &#8211; Health Care Partner"},"content":{"rendered":"[vc_row type=&#8221;in_container&#8221; full_screen_row_position=&#8221;middle&#8221; column_margin=&#8221;default&#8221; column_direction=&#8221;default&#8221; column_direction_tablet=&#8221;default&#8221; column_direction_phone=&#8221;default&#8221; scene_position=&#8221;center&#8221; text_color=&#8221;dark&#8221; text_align=&#8221;left&#8221; row_border_radius=&#8221;none&#8221; row_border_radius_applies=&#8221;bg&#8221; overflow=&#8221;visible&#8221; overlay_strength=&#8221;0.3&#8243; gradient_direction=&#8221;left_to_right&#8221; shape_divider_position=&#8221;bottom&#8221; bg_image_animation=&#8221;none&#8221;][vc_column column_padding=&#8221;no-extra-padding&#8221; column_padding_tablet=&#8221;inherit&#8221; column_padding_phone=&#8221;inherit&#8221; column_padding_position=&#8221;all&#8221; column_element_direction_desktop=&#8221;default&#8221; column_element_spacing=&#8221;default&#8221; desktop_text_alignment=&#8221;default&#8221; tablet_text_alignment=&#8221;default&#8221; phone_text_alignment=&#8221;default&#8221; background_color_opacity=&#8221;1&#8243; background_hover_color_opacity=&#8221;1&#8243; column_backdrop_filter=&#8221;none&#8221; column_shadow=&#8221;none&#8221; column_border_radius=&#8221;none&#8221; column_link_target=&#8221;_self&#8221; column_position=&#8221;default&#8221; gradient_direction=&#8221;left_to_right&#8221; overlay_strength=&#8221;0.3&#8243; width=&#8221;1\/1&#8243; tablet_width_inherit=&#8221;default&#8221; animation_type=&#8221;default&#8221; bg_image_animation=&#8221;none&#8221; border_type=&#8221;simple&#8221; column_border_width=&#8221;none&#8221; column_border_style=&#8221;solid&#8221;][divider line_type=&#8221;No Line&#8221; custom_height=&#8221;250&#8243;][\/vc_column][\/vc_row]\n","protected":false},"excerpt":{"rendered":"<p><strong>Registrieren Sie sich hier f\u00fcr den Zugriff auf unsere Fachinhalte, -artikel und B2B Produkte.<\/strong><\/p>\n<ol>\n<li>Bitte legen Sie nun die \u201ekostenfreie Registrierung\u201c in den Warenkorb und gehen dann zur Kasse wie bei einer normalen Bestellung.<\/li>\n<li>Geben Sie an der Kasse Ihre vollst\u00e4ndigen Kontakt- und Firmendaten an und w\u00e4hlen Sie ein Passwort f\u00fcr Ihren HCP-Account. Verwenden die Upload-Option f\u00fcr die \u00dcbersendug Ihrer\u00a0 Nachweisdokumente wie z.B. Ihre Approbation, Heilpraktiker-Urkunde oder Apotheken-Bescheinigung. Sie erhalten eine Email zur Best\u00e4tigung.<\/li>\n<li>Nach Abschluss dieses Vorgangs wird Ihr Kundenkonto sowie ein Zugang zum\u00a0<a href=\"https:\/\/portal.idk-specialdiagnostics.com\/login\" target=\"_blank\" rel=\"noopener\">Ergebnisportal<\/a>\u00a0 erstellt. Unser Team wird Ihre Angaben umgehend pr\u00fcfen und Sie zur finalen Freischaltung Ihres Zugangs als Health Care Partner kontaktieren.<\/li>\n<\/ol>\n","protected":false},"featured_media":2469,"template":"","meta":{"_seopress_robots_primary_cat":"none","_seopress_titles_title":"","_seopress_titles_desc":"","_seopress_robots_index":"","inline_featured_image":false},"product_brand":[],"product_cat":[134],"product_tag":[],"class_list":{"0":"post-2462","1":"product","2":"type-product","3":"status-publish","4":"has-post-thumbnail","6":"product_cat-registrierungen","8":"first","9":"instock","10":"virtual","11":"sold-individually","12":"purchasable","13":"product-type-simple"},"_links":{"self":[{"href":"https:\/\/idk-webshop-dev.agcomputing.net\/en\/wp-json\/wp\/v2\/product\/2462","targetHints":{"allow":["GET"]}}],"collection":[{"href":"https:\/\/idk-webshop-dev.agcomputing.net\/en\/wp-json\/wp\/v2\/product"}],"about":[{"href":"https:\/\/idk-webshop-dev.agcomputing.net\/en\/wp-json\/wp\/v2\/types\/product"}],"wp:featuredmedia":[{"embeddable":true,"href":"https:\/\/idk-webshop-dev.agcomputing.net\/en\/wp-json\/wp\/v2\/media\/2469"}],"wp:attachment":[{"href":"https:\/\/idk-webshop-dev.agcomputing.net\/en\/wp-json\/wp\/v2\/media?parent=2462"}],"wp:term":[{"taxonomy":"product_brand","embeddable":true,"href":"https:\/\/idk-webshop-dev.agcomputing.net\/en\/wp-json\/wp\/v2\/product_brand?post=2462"},{"taxonomy":"product_cat","embeddable":true,"href":"https:\/\/idk-webshop-dev.agcomputing.net\/en\/wp-json\/wp\/v2\/product_cat?post=2462"},{"taxonomy":"product_tag","embeddable":true,"href":"https:\/\/idk-webshop-dev.agcomputing.net\/en\/wp-json\/wp\/v2\/product_tag?post=2462"}],"curies":[{"name":"wp","href":"https:\/\/api.w.org\/{rel}","templated":true}]}}